{"id":125,"date":"2017-09-13T20:38:55","date_gmt":"2017-09-13T20:38:55","guid":{"rendered":"http:\/\/freshandeasy.net\/?page_id=125"},"modified":"2017-09-13T20:46:28","modified_gmt":"2017-09-13T20:46:28","slug":"lage-und-umgebung","status":"publish","type":"page","link":"http:\/\/freshandeasy.net\/?page_id=125","title":{"rendered":"Lage und Umgebung"},"content":{"rendered":"<div class=\"content\">\n<div class=\"box1\">\n<div class=\"headline_A1Z\"><strong>Endlich am Fleesensee<\/strong><\/div>\n<div class=\"box2b\">\n<p>Nur 1,25 Stunden von Berlin, 2 Stunden von Hamburg, 45 Minuten von Rostock und 1 Stunde von der Ostseek\u00fcste entfernt.<\/p>\n<p>Am M\u00fcritz Nationalpark in Mecklenburg-Vorpommern, inmitten der Mecklenburgischen Seenplatte, liegt die gr\u00f6\u00dfte Freizeitanlage Nordeuropas. Die Region bietet Abwechslung, Abenteuer, Entertainment und sehr viel Natur.<\/p>\n<p>Ein breites Event-Angebot ist eingebettet in eine Wellness- und Wohlf\u00fchllandschaft auf einer Fl\u00e4che von insgesamt 550 Hektar.<\/p>\n<p><strong>Umgebung<\/strong><\/p>\n<div class=\"box\">\n<div class=\"box2b\">\n<p>Nur 350 m vom Ferienhaus entfernt erstreckt sich der Fleesensee. Hier k\u00f6nnen Sie schwimmen, tauchen, segeln, surfen, mit dem Boot fahren oder einfach nur das maritime Feeling genie\u00dfen.<\/p>\n<\/div>\n<\/div>\n<\/div>\n<\/div>\n<div class=\"box1b\">\n<p class=\"headline_B\"><strong>Wegbeschreibung<\/strong><\/p>\n<p class=\"box2b\">Mit dem PKW auf der A24 zwischen Hamburg und Berlin am Dreieck Wittstock in Richtung Rostock auf der A19 weiter-fahren. An der Ausfahrt Waren\/G\u00f6hren-Lebbin verlassen Sie bitte die Autobahn und fahren in Richtung Waren weiter.\u00a0<b>VORSICHT! Blitzer nach der Autobahnabfahrt und in Penkow!<\/b>\u00a0Nach ca. 5 km in Penkow an der Ampel links nach G\u00f6hren-Lebbin abbiegen. In G\u00f6hren-Lebbin links abbiegen nach Unterg\u00f6hren. Nach ca. 2 km erreichen Sie Unter-g\u00f6hren. Biegen Sie die zweite Stra\u00dfe rechts ab in die Stra\u00dfe &#8222;Am Ahorneck&#8220;. Es ist das 2. Haus auf der rechten Seite. Wegbeschreibung zum Ferienhaus &#8222;Am Ahorneck 4&#8220; in 17213 Unterg\u00f6hren Mit dem PKW auf der A24 zwischen Hamburg und Berlin am Dreieck Wittstock in Richtung Rostock auf der A19 weiter-fahren. An der Ausfahrt Waren\/G\u00f6hren-Lebbin verlassen Sie bitte die Autobahn und fahren in Richtung Waren weiter.\u00a0<b>VORSICHT! Blitzer nach der Autobahnabfahrt und in Penkow!<\/b>\u00a0Nach ca. 5 km in Penkow an der Ampel links nach G\u00f6hren-Lebbin abbiegen. In G\u00f6hren-Lebbin links abbiegen nach Unterg\u00f6hren. Nach ca. 2 km erreichen Sie Unter-g\u00f6hren. Biegen Sie die zweite Stra\u00dfe rechts ab in die Stra\u00dfe &#8222;Am Ahorneck&#8220;. Es ist das 2. Haus auf der rechten Seite.<\/p>\n<\/div>\n<\/div>\n","protected":false},"excerpt":{"rendered":"<p>Endlich am Fleesensee Nur 1,25 Stunden von Berlin, 2 Stunden von Hamburg, 45 Minuten von Rostock und 1 Stunde von der Ostseek\u00fcste entfernt. Am M\u00fcritz Nationalpark in Mecklenburg-Vorpommern, inmitten der Mecklenburgischen Seenplatte, liegt die gr\u00f6\u00dfte Freizeitanlage Nordeuropas. Die Region bietet Abwechslung, Abenteuer, Entertainment und sehr viel Natur. Ein breites Event-Angebot ist eingebettet in eine Wellness- &hellip; <a href=\"http:\/\/freshandeasy.net\/?page_id=125\" class=\"more-link\"><span class=\"screen-reader-text\">&#8222;Lage und Umgebung&#8220; <\/span>weiterlesen<\/a><\/p>\n","protected":false},"author":1,"featured_media":0,"parent":0,"menu_order":0,"comment_status":"closed","ping_status":"closed","template":"","meta":[],"_links":{"self":[{"href":"http:\/\/freshandeasy.net\/index.php?rest_route=\/wp\/v2\/pages\/125"}],"collection":[{"href":"http:\/\/freshandeasy.net\/index.php?rest_route=\/wp\/v2\/pages"}],"about":[{"href":"http:\/\/freshandeasy.net\/index.php?rest_route=\/wp\/v2\/types\/page"}],"author":[{"embeddable":true,"href":"http:\/\/freshandeasy.net\/index.php?rest_route=\/wp\/v2\/users\/1"}],"replies":[{"embeddable":true,"href":"http:\/\/freshandeasy.net\/index.php?rest_route=%2Fwp%2Fv2%2Fcomments&post=125"}],"version-history":[{"count":1,"href":"http:\/\/freshandeasy.net\/index.php?rest_route=\/wp\/v2\/pages\/125\/revisions"}],"predecessor-version":[{"id":126,"href":"http:\/\/freshandeasy.net\/index.php?rest_route=\/wp\/v2\/pages\/125\/revisions\/126"}],"wp:attachment":[{"href":"http:\/\/freshandeasy.net\/index.php?rest_route=%2Fwp%2Fv2%2Fmedia&parent=125"}],"curies":[{"name":"wp","href":"https:\/\/api.w.org\/{rel}","templated":true}]}}