{"id":139,"date":"2017-09-13T21:18:55","date_gmt":"2017-09-13T21:18:55","guid":{"rendered":"http:\/\/freshandeasy.net\/?page_id=139"},"modified":"2019-08-06T09:45:06","modified_gmt":"2019-08-06T09:45:06","slug":"thea-und-benno","status":"publish","type":"page","link":"http:\/\/freshandeasy.net\/?page_id=139","title":{"rendered":"Thea und Benno"},"content":{"rendered":"<p>Das familienfreundliche Komfort-Ferien-<strong>HAUS<\/strong>\u00a0<strong>AM AHORNECK<\/strong>\u00a0verf\u00fcgt \u00fcber 2 separate Doppelhaush\u00e4lften \u0096 &#8222;<strong>THEA&#8220;\u00a0<\/strong>(rechte DHH) &amp; &#8222;<strong>BENNO&#8220;<\/strong>\u00a0(linke DHH). Beide Haush\u00e4lften sind identisch ausgestattet &amp; verf\u00fcgen \u00fcber eine hochwertige &amp; liebevoll eingerichtete Wohlf\u00fchlausstattung,\u00a0<strong>2 separate Schlafzimmer, 2 B\u00e4der<\/strong>,\u00a0<strong>Full-HD-Flachbildschirm<\/strong>\u00a0&amp; Kamin in Wohnbereich, kostenfreier\u00a0<strong>WLAN-Zugang<\/strong>,\u00a0<strong>Waschmaschine, Trockner,\u00a0<\/strong>eine Sonnenterrasse, Abstellraum, <strong>Weber-Holzkohlegrill<\/strong> &amp; einen Garten mit viel Platz zum Entspannen &amp; Spielen.<\/p>\n<p><img loading=\"lazy\" class=\"aligncenter wp-image-36\" src=\"http:\/\/freshandeasy.net\/wp-content\/uploads\/2017\/09\/Ahorneck-14-300x200.jpg\" alt=\"\" width=\"500\" height=\"333\" srcset=\"http:\/\/freshandeasy.net\/wp-content\/uploads\/2017\/09\/Ahorneck-14-300x200.jpg 300w, http:\/\/freshandeasy.net\/wp-content\/uploads\/2017\/09\/Ahorneck-14-768x513.jpg 768w, http:\/\/freshandeasy.net\/wp-content\/uploads\/2017\/09\/Ahorneck-14.jpg 1000w\" sizes=\"(max-width: 500px) 85vw, 500px\" \/><\/p>\n<p>An hei\u00dfen &amp; kalten Tagen, bei feuchtem &amp; trockenem Wetter schafft das Holz des Hauses den Ausgleich &amp; sorgt f\u00fcr ein einzigartiges Wohlf\u00fchl-Klima.<\/p>\n<p><img loading=\"lazy\" class=\"aligncenter wp-image-256\" src=\"http:\/\/freshandeasy.net\/wp-content\/uploads\/2018\/03\/IMG_0361_opt_klein-300x200.jpg\" alt=\"\" width=\"500\" height=\"333\" srcset=\"http:\/\/freshandeasy.net\/wp-content\/uploads\/2018\/03\/IMG_0361_opt_klein-300x200.jpg 300w, http:\/\/freshandeasy.net\/wp-content\/uploads\/2018\/03\/IMG_0361_opt_klein-768x512.jpg 768w, http:\/\/freshandeasy.net\/wp-content\/uploads\/2018\/03\/IMG_0361_opt_klein-1024x683.jpg 1024w, http:\/\/freshandeasy.net\/wp-content\/uploads\/2018\/03\/IMG_0361_opt_klein-1200x800.jpg 1200w, http:\/\/freshandeasy.net\/wp-content\/uploads\/2018\/03\/IMG_0361_opt_klein.jpg 1920w\" sizes=\"(max-width: 500px) 85vw, 500px\" \/><\/p>\n<p>Alle Seens\u00fcchtigen genie\u00dfen dank der fu\u00dfl\u00e4ufigen N\u00e4he zum Fleesensee im Sommer Strandfeeling pur \u0096 bei k\u00fchleren Temperaturen genie\u00dfen Sie einen Spaziergang am Ufer des Fleesensees &amp; w\u00e4rmen sich danach bei einem guten Glas Rotwein vor dem\u00a0<strong>hochwertigen Kamin<\/strong>\u00a0im Wohnbereich auf. Verbringen Sie ganzj\u00e4hrig entspannte Urlaubstage in diesem Komfort-Ferienhaus\u00a0<strong>&amp; erleben entspannte Urlaubstage am Fleesensee<\/strong>! Der\u00a0<strong>unverbaute Ausblick<\/strong>\u00a0von der Terrasse sowie die Strandn\u00e4he dieses Ferienobjektes werden Sie zu jeder Jahreszeit begeistern! Ob nun Badeurlaub oder einer Auszeit zu k\u00fchleren Jahreszeiten \u0096 die Lage &amp; die hochwertige Ausstattung des Objektes verspricht allen Seens\u00fcchtigen entspannte &amp; erholsame Urlaubstage\u0085<\/p>\n<p>Das Ferienhaus\u00a0<strong>AM AHORNECK\u00a0<\/strong>erm\u00f6glicht Ihnen &amp; Ihrer Familie ein entspannendes Urlaubserlebnis direkt am Fleesensee. Von der\u00a0<strong>Holz-Terrasse<\/strong>\u00a0er\u00f6ffnet sich ein\u00a0<strong>unverbauter Blick.<\/strong><\/p>\n<p><img loading=\"lazy\" class=\"aligncenter wp-image-245\" src=\"http:\/\/freshandeasy.net\/wp-content\/uploads\/2018\/03\/IMG_0380_opt_klein-300x200.jpg\" alt=\"\" width=\"500\" height=\"333\" srcset=\"http:\/\/freshandeasy.net\/wp-content\/uploads\/2018\/03\/IMG_0380_opt_klein-300x200.jpg 300w, http:\/\/freshandeasy.net\/wp-content\/uploads\/2018\/03\/IMG_0380_opt_klein-768x512.jpg 768w, http:\/\/freshandeasy.net\/wp-content\/uploads\/2018\/03\/IMG_0380_opt_klein-1024x683.jpg 1024w, http:\/\/freshandeasy.net\/wp-content\/uploads\/2018\/03\/IMG_0380_opt_klein-1200x800.jpg 1200w, http:\/\/freshandeasy.net\/wp-content\/uploads\/2018\/03\/IMG_0380_opt_klein.jpg 1920w\" sizes=\"(max-width: 500px) 85vw, 500px\" \/><\/p>\n<p>Freuen Sie sich auf entspannte Urlaubstage in der\u00a0<strong>familienfreundlichen<\/strong>\u00a0Doppelhaush\u00e4lfte\u00a0im\u00a0<strong>HAUS AM AHORNECK<\/strong>\u00a0in Unterg\u00f6hren am Fleesensee, weit weg vom stressigen Alltag.<\/p>\n<p>Ob nun zum (Kurz-) Urlaub z. B. Golfen (5 Golfpl\u00e4tze vor Ort), als \u00dcberraschungsreise mit Ihrem Partner, als Erholungs- &amp; Badeurlaub mit Ihrer Familie oder Freunden &#8211; im Ferienhaus\u00a0<strong>AM AHORNECK<\/strong>\u00a0erleben Sie\u00a0<strong>ganzj\u00e4hrig Entspannung in exklusiven Wohlf\u00fchl-Ambiente<\/strong>. Der Strand, Restaurants &amp; Jachthafen befinden sich in fu\u00dfl\u00e4ufiger Entfernung vom Haus.<\/p>\n<p><strong>Sie erwartet\u00a0<\/strong>eine Komfort-<strong>Doppelhaush\u00e4lfte mit jeweils ca. 80 m\u00b2\u00a0<\/strong>Wohnfl\u00e4che<strong>, verteilt auf 2 Ebenen<\/strong>.\u00a0<strong>Jede Haush\u00e4lfte<\/strong>\u00a0verf\u00fcgt \u00fcber einen Wohn- &amp; Essbereich mit offener, vollausgestatteter K\u00fcche,\u00a0<strong>2 Schlafzimmern<\/strong>\u00a0(4 Betten),\u00a0<strong>2 B\u00e4der<\/strong>\u00a0(1 Vollbad mit\u00a0<strong>Whirlwanne<\/strong>, 1 Duschbad), 1 Terrasse,\u00a0<strong>Holzkohlegril<\/strong>l &amp; einen Garten, der mittig \u00fcber Spielger\u00e4te (<strong>Schaukel, Rutsche<\/strong>) f\u00fcr Kinder verf\u00fcgt.<\/p>\n<p><img loading=\"lazy\" class=\"aligncenter wp-image-10\" src=\"http:\/\/freshandeasy.net\/wp-content\/uploads\/2017\/09\/Ahorneck_2002-300x200.jpg\" alt=\"\" width=\"500\" height=\"333\" srcset=\"http:\/\/freshandeasy.net\/wp-content\/uploads\/2017\/09\/Ahorneck_2002-300x200.jpg 300w, http:\/\/freshandeasy.net\/wp-content\/uploads\/2017\/09\/Ahorneck_2002-768x513.jpg 768w, http:\/\/freshandeasy.net\/wp-content\/uploads\/2017\/09\/Ahorneck_2002.jpg 1000w\" sizes=\"(max-width: 500px) 85vw, 500px\" \/><\/p>\n<p>Ein Gemeinschaftsabstellraum verf\u00fcgt \u00fcber eine\u00a0<strong>Waschmaschine\u00a0<\/strong>(kostenfreie Nutzung, Waschmittel bitte mitbringen).<\/p>\n<p>Jede Haush\u00e4lfte wird von einer Zentralheizung mittels Heizk\u00f6rpern beheizt.<\/p>\n<p>Die B\u00f6den im Haus wurden mit Allergiker freundlichen Bodenbel\u00e4gen (Fliesen &amp; Laminat) ausgestattet. Die\u00a0<strong>Holz-Terrasse<\/strong>\u00a0betreten Sie vom Wohn- &amp; Essbereich. Hier genie\u00dfen Sie einen\u00a0<strong>wundersch\u00f6nen Blick ins Gr\u00fcne<\/strong>.<\/p>\n<p>Der Wohn- &amp; Essbereich \u00fcberzeugt durch seine komfortable Wohlf\u00fchl-Ausstattung. Hier sorgt ein hochwertiger\u00a0<strong>Holz-Kamin<\/strong>\u00a0f\u00fcr zus\u00e4tzliche behagliche W\u00e4rme an k\u00fchlen Tagen. Genie\u00dfen Sie bei einem Glas Wein knisterndes Kaminfeuer (Kaminholz optional buchbar). Das bequeme Eck-Sofa sowie ein Sessel laden zum Entspannen ein. Gem\u00fctliche Fernsehabende erleben Sie vor dem gro\u00dfen\u00a0<strong>Full-HD-Flachbildschirm<\/strong>. Ein kostenfreier\u00a0<strong>WLAN-Zugang\u00a0<\/strong>steht ebenfalls zur Verf\u00fcgung.<\/p>\n<p>Der Essbereich mit Esstisch &amp; bequemen St\u00fchlen bietet 4 Personen (1 Kinderhochstuhl kostenfrei verf\u00fcgbar, bitte bei Buchung angeben) Platz f\u00fcr gemeinsames Beisammensein. In der im Wohn- &amp; Essbereich integrierten offenen &amp; vollausgestatteten K\u00fcche k\u00f6nnen Sie sich nach Herzenslust selbst versorgen.<\/p>\n<p><img loading=\"lazy\" class=\"aligncenter wp-image-218\" src=\"http:\/\/freshandeasy.net\/wp-content\/uploads\/2018\/03\/IMG_0415_opt_klein-300x200.jpg\" alt=\"\" width=\"500\" height=\"333\" srcset=\"http:\/\/freshandeasy.net\/wp-content\/uploads\/2018\/03\/IMG_0415_opt_klein-300x200.jpg 300w, http:\/\/freshandeasy.net\/wp-content\/uploads\/2018\/03\/IMG_0415_opt_klein-768x512.jpg 768w, http:\/\/freshandeasy.net\/wp-content\/uploads\/2018\/03\/IMG_0415_opt_klein-1024x683.jpg 1024w, http:\/\/freshandeasy.net\/wp-content\/uploads\/2018\/03\/IMG_0415_opt_klein-1200x800.jpg 1200w, http:\/\/freshandeasy.net\/wp-content\/uploads\/2018\/03\/IMG_0415_opt_klein.jpg 1920w\" sizes=\"(max-width: 500px) 85vw, 500px\" \/><\/p>\n<p>Die\u00a0<strong>vollausgestattete K\u00fcche<\/strong>\u00a0mit kompletter Ausstattung (<strong>Sp\u00fclmaschine<\/strong>, K\u00fchlschrank + Gefrierfach,\u00a0<strong>4-Zonen-Cerankochfeld<\/strong>, Backofen, Kaffeemaschine, Toaster &amp; Wasserkocher. Ausreichend Geschirr, Besteck, Gl\u00e4ser, T\u00f6pfe, Pfanne &amp; viele n\u00fctzliche Kochutensilien) runden die Ausstattung ab.<\/p>\n<p><strong>2 moderne Tageslicht-B\u00e4der<\/strong>\u00a0(1 x Vollbad mit\u00a0<strong>Whirlwanne<\/strong>\u00a0&amp; Dusche, 1 x Duschbad) mit Waschtischen &amp; WCs lassen Sie entspannt in den Urlaubstag starten. Handt\u00fccher &amp; Saunasets (Badem\u00e4ntel &amp; Saunahandtuch) sind optional buchbar.<\/p>\n<p>Die\u00a0<strong>2 Wohlf\u00fchl-Schlafzimmer<\/strong>\u00a0verf\u00fcgen \u00fcber insgesamt 4 Betten. Ein Schlafzimmer ist mit einem Doppelbett ausgestattet. Das 2. Schlafzimmer verf\u00fcgt \u00fcber zwei Einzelbetten. Alle Betten sind mit Matratzen, Kopfkissen &amp; Oberbetten ausgestattet. Kleiderschr\u00e4nke dienen als Stauraum f\u00fcr die Urlaubsgarderobe.\u00a0Bettw\u00e4sche, Handt\u00fccher, Saunasets, 1 Babyreisebett &amp; 1 Hochstuhl (kostenfrei) sind optional buchbar.<\/p>\n<p><img loading=\"lazy\" class=\"aligncenter wp-image-19\" src=\"http:\/\/freshandeasy.net\/wp-content\/uploads\/2017\/09\/Ahorneck_2065-300x200.jpg\" alt=\"\" width=\"500\" height=\"333\" srcset=\"http:\/\/freshandeasy.net\/wp-content\/uploads\/2017\/09\/Ahorneck_2065-300x200.jpg 300w, http:\/\/freshandeasy.net\/wp-content\/uploads\/2017\/09\/Ahorneck_2065-768x513.jpg 768w, http:\/\/freshandeasy.net\/wp-content\/uploads\/2017\/09\/Ahorneck_2065.jpg 1000w\" sizes=\"(max-width: 500px) 85vw, 500px\" \/> <img loading=\"lazy\" class=\"aligncenter wp-image-17\" src=\"http:\/\/freshandeasy.net\/wp-content\/uploads\/2017\/09\/Ahorneck_2054-300x200.jpg\" alt=\"\" width=\"500\" height=\"333\" srcset=\"http:\/\/freshandeasy.net\/wp-content\/uploads\/2017\/09\/Ahorneck_2054-300x200.jpg 300w, http:\/\/freshandeasy.net\/wp-content\/uploads\/2017\/09\/Ahorneck_2054-768x513.jpg 768w, http:\/\/freshandeasy.net\/wp-content\/uploads\/2017\/09\/Ahorneck_2054.jpg 1000w\" sizes=\"(max-width: 500px) 85vw, 500px\" \/><\/p>\n<p>Dieses Nichtraucher-Ferienhaus ist ideal f\u00fcr 1-4 Personen geeignet. Zus\u00e4tzlich ist max. die Unterbringung eines Babys (5. Person) in einem Babyreisebett (optional buchbar) gegeben.<\/p>\n<p>1 wohlerzogener Hund ist gegen eine Geb\u00fchr gestattet. Andere Haustiere sind\u00a0nicht\u00a0gestattet.<\/p>\n<p>Die\u00a0<strong>Sonnen-Terrasse<\/strong>\u00a0mit anschlie\u00dfendem\u00a0<strong>Garten<\/strong>\u00a0versprechen entspannte Stunden mit\u00a0<strong>unverbautem Blick<\/strong>. In kurzer fu\u00dfl\u00e4ufiger Entfernung erreichen Sie das Ufer des Fleesensees &amp; k\u00f6nnen dort ein erfrischendes Bad im See genie\u00dfen. Bei einem Sundowner auf bequemen Gartenm\u00f6beln erleben Sie sicherlich einen wundersch\u00f6nen Abend. Leckeres Grillgut bereiten Sie am <strong>Weber-Holzkohlegrill<\/strong>\u00a0im Au\u00dfenbereich zu. Lassen die Seele einfach mal baumeln &amp; genie\u00dfen entspannte Atmosph\u00e4re in exklusivem Wohlf\u00fchl-Ambiente zu jeder Jahreszeit.<\/p>\n<p><strong>1 PKW-Stellplatz<\/strong>\u00a0steht den G\u00e4sten pro Haush\u00e4lfte zur Verf\u00fcgung.<\/p>\n<p><a href=\"https:\/\/www.mv-ferienhaeuser.com\/detailseite\/ferien-haus-am-ahorneck-benno\">Ferienwohnung &#8222;BENNO&#8220;<\/a>\u00a0und\u00a0<a href=\"https:\/\/www.mv-ferienhaeuser.com\/detailseite\/ferien-haus-am-ahorneck-thea\">Ferienwohnung &#8222;Thea&#8220;<\/a><\/p>\n<p>Sie m\u00f6chten das Ferien-Haus\u00a0im\u00a0<strong>HAUS AM AHORNECK<\/strong>\u00a0als Urlaubsdomizil buchen? Freie Termine sehen Sie im Buchungskalender. Sofern wir in der einen Haush\u00e4lfte\u00a0nicht in Ihrem gew\u00fcnschten Buchungszeitraum \u00fcber Kapazit\u00e4ten verf\u00fcgen oder Sie mit weiteren Personen anreisen, buchen Sie einfach die andre Doppelhaush\u00e4lfte.<\/p>\n<p>Bei Buchungsw\u00fcnschen \/ R\u00fcckfragen zu diesem sch\u00f6nen Ferienhaus\u00a0<strong>AM AHORNECK<\/strong>\u00a0stehen wir Ihnen gerne per Email oder telefonisch zur Verf\u00fcgung oder Sie buchen es online.<\/p>\n<p>Wir freuen uns, Sie im Ferien-<strong>HAUS AM AHORNECK<\/strong>\u00a0als G\u00e4ste begr\u00fc\u00dfen zu d\u00fcrfen und w\u00fcnschen bereits heute einen entspannten &amp; erholsamen Aufenthalt am Fleesensee.<\/p>\n<p>Das GSA-Serviceteam vom Fleesensee<\/p>\n","protected":false},"excerpt":{"rendered":"<p>Das familienfreundliche Komfort-Ferien-HAUS\u00a0AM AHORNECK\u00a0verf\u00fcgt \u00fcber 2 separate Doppelhaush\u00e4lften \u0096 &#8222;THEA&#8220;\u00a0(rechte DHH) &amp; &#8222;BENNO&#8220;\u00a0(linke DHH). Beide Haush\u00e4lften sind identisch ausgestattet &amp; verf\u00fcgen \u00fcber eine hochwertige &amp; liebevoll eingerichtete Wohlf\u00fchlausstattung,\u00a02 separate Schlafzimmer, 2 B\u00e4der,\u00a0Full-HD-Flachbildschirm\u00a0&amp; Kamin in Wohnbereich, kostenfreier\u00a0WLAN-Zugang,\u00a0Waschmaschine, Trockner,\u00a0eine Sonnenterrasse, Abstellraum, Weber-Holzkohlegrill &amp; einen Garten mit viel Platz zum Entspannen &amp; Spielen. An hei\u00dfen &amp; kalten Tagen, &hellip; <a href=\"http:\/\/freshandeasy.net\/?page_id=139\" class=\"more-link\"><span class=\"screen-reader-text\">&#8222;Thea und Benno&#8220; <\/span>weiterlesen<\/a><\/p>\n","protected":false},"author":1,"featured_media":0,"parent":0,"menu_order":0,"comment_status":"closed","ping_status":"closed","template":"","meta":[],"_links":{"self":[{"href":"http:\/\/freshandeasy.net\/index.php?rest_route=\/wp\/v2\/pages\/139"}],"collection":[{"href":"http:\/\/freshandeasy.net\/index.php?rest_route=\/wp\/v2\/pages"}],"about":[{"href":"http:\/\/freshandeasy.net\/index.php?rest_route=\/wp\/v2\/types\/page"}],"author":[{"embeddable":true,"href":"http:\/\/freshandeasy.net\/index.php?rest_route=\/wp\/v2\/users\/1"}],"replies":[{"embeddable":true,"href":"http:\/\/freshandeasy.net\/index.php?rest_route=%2Fwp%2Fv2%2Fcomments&post=139"}],"version-history":[{"count":7,"href":"http:\/\/freshandeasy.net\/index.php?rest_route=\/wp\/v2\/pages\/139\/revisions"}],"predecessor-version":[{"id":288,"href":"http:\/\/freshandeasy.net\/index.php?rest_route=\/wp\/v2\/pages\/139\/revisions\/288"}],"wp:attachment":[{"href":"http:\/\/freshandeasy.net\/index.php?rest_route=%2Fwp%2Fv2%2Fmedia&parent=139"}],"curies":[{"name":"wp","href":"https:\/\/api.w.org\/{rel}","templated":true}]}}