{"id":149,"date":"2017-09-25T19:17:57","date_gmt":"2017-09-25T19:17:57","guid":{"rendered":"http:\/\/freshandeasy.net\/?page_id=149"},"modified":"2018-03-20T21:35:34","modified_gmt":"2018-03-20T21:35:34","slug":"galerie","status":"publish","type":"page","link":"http:\/\/freshandeasy.net\/?page_id=149","title":{"rendered":"Galerie"},"content":{"rendered":"<p>Au\u00dfen &#8211; Thea<\/p>\n<p><img loading=\"lazy\" class=\"aligncenter wp-image-267\" src=\"http:\/\/freshandeasy.net\/wp-content\/uploads\/2018\/03\/IMG_0436_opt_klein-300x200.jpg\" alt=\"\" width=\"601\" height=\"400\" srcset=\"http:\/\/freshandeasy.net\/wp-content\/uploads\/2018\/03\/IMG_0436_opt_klein-300x200.jpg 300w, http:\/\/freshandeasy.net\/wp-content\/uploads\/2018\/03\/IMG_0436_opt_klein-768x512.jpg 768w, http:\/\/freshandeasy.net\/wp-content\/uploads\/2018\/03\/IMG_0436_opt_klein-1024x683.jpg 1024w, http:\/\/freshandeasy.net\/wp-content\/uploads\/2018\/03\/IMG_0436_opt_klein-1200x800.jpg 1200w, http:\/\/freshandeasy.net\/wp-content\/uploads\/2018\/03\/IMG_0436_opt_klein.jpg 1920w\" sizes=\"(max-width: 601px) 85vw, 601px\" \/> <img loading=\"lazy\" class=\"aligncenter wp-image-266\" src=\"http:\/\/freshandeasy.net\/wp-content\/uploads\/2018\/03\/IMG_0443_opt_klein-300x200.jpg\" alt=\"\" width=\"599\" height=\"399\" srcset=\"http:\/\/freshandeasy.net\/wp-content\/uploads\/2018\/03\/IMG_0443_opt_klein-300x200.jpg 300w, http:\/\/freshandeasy.net\/wp-content\/uploads\/2018\/03\/IMG_0443_opt_klein-768x512.jpg 768w, http:\/\/freshandeasy.net\/wp-content\/uploads\/2018\/03\/IMG_0443_opt_klein-1024x683.jpg 1024w, http:\/\/freshandeasy.net\/wp-content\/uploads\/2018\/03\/IMG_0443_opt_klein-1200x800.jpg 1200w, http:\/\/freshandeasy.net\/wp-content\/uploads\/2018\/03\/IMG_0443_opt_klein.jpg 1920w\" sizes=\"(max-width: 599px) 85vw, 599px\" \/> <img loading=\"lazy\" class=\"aligncenter wp-image-271\" src=\"http:\/\/freshandeasy.net\/wp-content\/uploads\/2018\/03\/IMG_0429_opt_klein-300x200.jpg\" alt=\"\" width=\"600\" height=\"400\" srcset=\"http:\/\/freshandeasy.net\/wp-content\/uploads\/2018\/03\/IMG_0429_opt_klein-300x200.jpg 300w, http:\/\/freshandeasy.net\/wp-content\/uploads\/2018\/03\/IMG_0429_opt_klein-768x512.jpg 768w, http:\/\/freshandeasy.net\/wp-content\/uploads\/2018\/03\/IMG_0429_opt_klein-1024x683.jpg 1024w, http:\/\/freshandeasy.net\/wp-content\/uploads\/2018\/03\/IMG_0429_opt_klein-1200x800.jpg 1200w, http:\/\/freshandeasy.net\/wp-content\/uploads\/2018\/03\/IMG_0429_opt_klein.jpg 1920w\" sizes=\"(max-width: 600px) 85vw, 600px\" \/> <img loading=\"lazy\" class=\"aligncenter wp-image-273\" src=\"http:\/\/freshandeasy.net\/wp-content\/uploads\/2018\/03\/IMG_0426_opt_klein-300x200.jpg\" alt=\"\" width=\"600\" height=\"400\" srcset=\"http:\/\/freshandeasy.net\/wp-content\/uploads\/2018\/03\/IMG_0426_opt_klein-300x200.jpg 300w, http:\/\/freshandeasy.net\/wp-content\/uploads\/2018\/03\/IMG_0426_opt_klein-768x512.jpg 768w, http:\/\/freshandeasy.net\/wp-content\/uploads\/2018\/03\/IMG_0426_opt_klein-1024x683.jpg 1024w, http:\/\/freshandeasy.net\/wp-content\/uploads\/2018\/03\/IMG_0426_opt_klein-1200x800.jpg 1200w, http:\/\/freshandeasy.net\/wp-content\/uploads\/2018\/03\/IMG_0426_opt_klein.jpg 1920w\" sizes=\"(max-width: 600px) 85vw, 600px\" \/><img loading=\"lazy\" class=\"aligncenter wp-image-269\" src=\"http:\/\/freshandeasy.net\/wp-content\/uploads\/2018\/03\/IMG_0433_opt_klein-300x200.jpg\" alt=\"\" width=\"600\" height=\"400\" srcset=\"http:\/\/freshandeasy.net\/wp-content\/uploads\/2018\/03\/IMG_0433_opt_klein-300x200.jpg 300w, http:\/\/freshandeasy.net\/wp-content\/uploads\/2018\/03\/IMG_0433_opt_klein-768x512.jpg 768w, http:\/\/freshandeasy.net\/wp-content\/uploads\/2018\/03\/IMG_0433_opt_klein-1024x683.jpg 1024w, http:\/\/freshandeasy.net\/wp-content\/uploads\/2018\/03\/IMG_0433_opt_klein-1200x800.jpg 1200w, http:\/\/freshandeasy.net\/wp-content\/uploads\/2018\/03\/IMG_0433_opt_klein.jpg 1920w\" sizes=\"(max-width: 600px) 85vw, 600px\" \/> <img loading=\"lazy\" class=\"aligncenter wp-image-268\" src=\"http:\/\/freshandeasy.net\/wp-content\/uploads\/2018\/03\/IMG_0438_opt_klein-300x200.jpg\" alt=\"\" width=\"600\" height=\"400\" srcset=\"http:\/\/freshandeasy.net\/wp-content\/uploads\/2018\/03\/IMG_0438_opt_klein-300x200.jpg 300w, http:\/\/freshandeasy.net\/wp-content\/uploads\/2018\/03\/IMG_0438_opt_klein-768x512.jpg 768w, http:\/\/freshandeasy.net\/wp-content\/uploads\/2018\/03\/IMG_0438_opt_klein-1024x683.jpg 1024w, http:\/\/freshandeasy.net\/wp-content\/uploads\/2018\/03\/IMG_0438_opt_klein-1200x800.jpg 1200w, http:\/\/freshandeasy.net\/wp-content\/uploads\/2018\/03\/IMG_0438_opt_klein.jpg 1920w\" sizes=\"(max-width: 600px) 85vw, 600px\" \/><\/p>\n<p>Au\u00dfen &#8211; Benno<\/p>\n<p><img loading=\"lazy\" class=\"aligncenter wp-image-247\" src=\"http:\/\/freshandeasy.net\/wp-content\/uploads\/2018\/03\/IMG_0377_opt_klein-300x200.jpg\" alt=\"\" width=\"599\" height=\"399\" srcset=\"http:\/\/freshandeasy.net\/wp-content\/uploads\/2018\/03\/IMG_0377_opt_klein-300x200.jpg 300w, http:\/\/freshandeasy.net\/wp-content\/uploads\/2018\/03\/IMG_0377_opt_klein-768x512.jpg 768w, http:\/\/freshandeasy.net\/wp-content\/uploads\/2018\/03\/IMG_0377_opt_klein-1024x683.jpg 1024w, http:\/\/freshandeasy.net\/wp-content\/uploads\/2018\/03\/IMG_0377_opt_klein-1200x800.jpg 1200w, http:\/\/freshandeasy.net\/wp-content\/uploads\/2018\/03\/IMG_0377_opt_klein.jpg 1920w\" sizes=\"(max-width: 599px) 85vw, 599px\" \/> <img loading=\"lazy\" class=\"aligncenter wp-image-249\" src=\"http:\/\/freshandeasy.net\/wp-content\/uploads\/2018\/03\/IMG_0374_opt_klein-300x200.jpg\" alt=\"\" width=\"600\" height=\"400\" srcset=\"http:\/\/freshandeasy.net\/wp-content\/uploads\/2018\/03\/IMG_0374_opt_klein-300x200.jpg 300w, http:\/\/freshandeasy.net\/wp-content\/uploads\/2018\/03\/IMG_0374_opt_klein-768x512.jpg 768w, http:\/\/freshandeasy.net\/wp-content\/uploads\/2018\/03\/IMG_0374_opt_klein-1024x683.jpg 1024w, http:\/\/freshandeasy.net\/wp-content\/uploads\/2018\/03\/IMG_0374_opt_klein-1200x800.jpg 1200w, http:\/\/freshandeasy.net\/wp-content\/uploads\/2018\/03\/IMG_0374_opt_klein.jpg 1920w\" sizes=\"(max-width: 600px) 85vw, 600px\" \/><img loading=\"lazy\" class=\"aligncenter  wp-image-245\" src=\"http:\/\/freshandeasy.net\/wp-content\/uploads\/2018\/03\/IMG_0380_opt_klein-300x200.jpg\" alt=\"\" width=\"600\" height=\"400\" srcset=\"http:\/\/freshandeasy.net\/wp-content\/uploads\/2018\/03\/IMG_0380_opt_klein-300x200.jpg 300w, http:\/\/freshandeasy.net\/wp-content\/uploads\/2018\/03\/IMG_0380_opt_klein-768x512.jpg 768w, http:\/\/freshandeasy.net\/wp-content\/uploads\/2018\/03\/IMG_0380_opt_klein-1024x683.jpg 1024w, http:\/\/freshandeasy.net\/wp-content\/uploads\/2018\/03\/IMG_0380_opt_klein-1200x800.jpg 1200w, http:\/\/freshandeasy.net\/wp-content\/uploads\/2018\/03\/IMG_0380_opt_klein.jpg 1920w\" sizes=\"(max-width: 600px) 85vw, 600px\" \/> <img loading=\"lazy\" class=\"aligncenter  wp-image-244\" src=\"http:\/\/freshandeasy.net\/wp-content\/uploads\/2018\/03\/IMG_0386_opt_klein-300x200.jpg\" alt=\"\" width=\"600\" height=\"400\" srcset=\"http:\/\/freshandeasy.net\/wp-content\/uploads\/2018\/03\/IMG_0386_opt_klein-300x200.jpg 300w, http:\/\/freshandeasy.net\/wp-content\/uploads\/2018\/03\/IMG_0386_opt_klein-768x512.jpg 768w, http:\/\/freshandeasy.net\/wp-content\/uploads\/2018\/03\/IMG_0386_opt_klein-1024x683.jpg 1024w, http:\/\/freshandeasy.net\/wp-content\/uploads\/2018\/03\/IMG_0386_opt_klein-1200x800.jpg 1200w, http:\/\/freshandeasy.net\/wp-content\/uploads\/2018\/03\/IMG_0386_opt_klein.jpg 1920w\" sizes=\"(max-width: 600px) 85vw, 600px\" \/><img loading=\"lazy\" class=\"aligncenter wp-image-248\" src=\"http:\/\/freshandeasy.net\/wp-content\/uploads\/2018\/03\/IMG_0379_opt_klein-300x200.jpg\" alt=\"\" width=\"600\" height=\"400\" srcset=\"http:\/\/freshandeasy.net\/wp-content\/uploads\/2018\/03\/IMG_0379_opt_klein-300x200.jpg 300w, http:\/\/freshandeasy.net\/wp-content\/uploads\/2018\/03\/IMG_0379_opt_klein-768x512.jpg 768w, http:\/\/freshandeasy.net\/wp-content\/uploads\/2018\/03\/IMG_0379_opt_klein-1024x683.jpg 1024w, http:\/\/freshandeasy.net\/wp-content\/uploads\/2018\/03\/IMG_0379_opt_klein-1200x800.jpg 1200w, http:\/\/freshandeasy.net\/wp-content\/uploads\/2018\/03\/IMG_0379_opt_klein.jpg 1920w\" sizes=\"(max-width: 600px) 85vw, 600px\" \/> <img loading=\"lazy\" class=\"aligncenter wp-image-239\" src=\"http:\/\/freshandeasy.net\/wp-content\/uploads\/2018\/03\/IMG_0390_opt_klein-300x200.jpg\" alt=\"\" width=\"600\" height=\"400\" srcset=\"http:\/\/freshandeasy.net\/wp-content\/uploads\/2018\/03\/IMG_0390_opt_klein-300x200.jpg 300w, http:\/\/freshandeasy.net\/wp-content\/uploads\/2018\/03\/IMG_0390_opt_klein-768x512.jpg 768w, http:\/\/freshandeasy.net\/wp-content\/uploads\/2018\/03\/IMG_0390_opt_klein-1024x683.jpg 1024w, http:\/\/freshandeasy.net\/wp-content\/uploads\/2018\/03\/IMG_0390_opt_klein-1200x800.jpg 1200w, http:\/\/freshandeasy.net\/wp-content\/uploads\/2018\/03\/IMG_0390_opt_klein.jpg 1920w\" sizes=\"(max-width: 600px) 85vw, 600px\" \/><br \/>\n<img loading=\"lazy\" class=\"aligncenter size-medium wp-image-39\" src=\"http:\/\/freshandeasy.net\/wp-content\/uploads\/2017\/09\/Ahorneck-20-300x200.jpg\" alt=\"\" width=\"600\" height=\"400\" srcset=\"http:\/\/freshandeasy.net\/wp-content\/uploads\/2017\/09\/Ahorneck-20-300x200.jpg 300w, http:\/\/freshandeasy.net\/wp-content\/uploads\/2017\/09\/Ahorneck-20-768x513.jpg 768w, http:\/\/freshandeasy.net\/wp-content\/uploads\/2017\/09\/Ahorneck-20.jpg 1000w\" sizes=\"(max-width: 600px) 85vw, 600px\" \/><br \/>\n<img loading=\"lazy\" class=\"aligncenter size-medium wp-image-36\" src=\"http:\/\/freshandeasy.net\/wp-content\/uploads\/2017\/09\/Ahorneck-14-300x200.jpg\" alt=\"\" width=\"600\" height=\"400\" srcset=\"http:\/\/freshandeasy.net\/wp-content\/uploads\/2017\/09\/Ahorneck-14-300x200.jpg 300w, http:\/\/freshandeasy.net\/wp-content\/uploads\/2017\/09\/Ahorneck-14-768x513.jpg 768w, http:\/\/freshandeasy.net\/wp-content\/uploads\/2017\/09\/Ahorneck-14.jpg 1000w\" sizes=\"(max-width: 600px) 85vw, 600px\" \/><\/p>\n<p>Innen &#8211; Thea<\/p>\n<p><img loading=\"lazy\" class=\"aligncenter wp-image-278\" src=\"http:\/\/freshandeasy.net\/wp-content\/uploads\/2018\/03\/IMG_0415_opt_klein-1-300x200.jpg\" alt=\"\" width=\"600\" height=\"400\" srcset=\"http:\/\/freshandeasy.net\/wp-content\/uploads\/2018\/03\/IMG_0415_opt_klein-1-300x200.jpg 300w, http:\/\/freshandeasy.net\/wp-content\/uploads\/2018\/03\/IMG_0415_opt_klein-1-768x512.jpg 768w, http:\/\/freshandeasy.net\/wp-content\/uploads\/2018\/03\/IMG_0415_opt_klein-1-1024x683.jpg 1024w, http:\/\/freshandeasy.net\/wp-content\/uploads\/2018\/03\/IMG_0415_opt_klein-1-1200x800.jpg 1200w, http:\/\/freshandeasy.net\/wp-content\/uploads\/2018\/03\/IMG_0415_opt_klein-1.jpg 1920w\" sizes=\"(max-width: 600px) 85vw, 600px\" \/> <img loading=\"lazy\" class=\"aligncenter wp-image-263\" src=\"http:\/\/freshandeasy.net\/wp-content\/uploads\/2018\/03\/IMG_0445_opt_klein-300x200.jpg\" alt=\"\" width=\"601\" height=\"400\" srcset=\"http:\/\/freshandeasy.net\/wp-content\/uploads\/2018\/03\/IMG_0445_opt_klein-300x200.jpg 300w, http:\/\/freshandeasy.net\/wp-content\/uploads\/2018\/03\/IMG_0445_opt_klein-768x512.jpg 768w, http:\/\/freshandeasy.net\/wp-content\/uploads\/2018\/03\/IMG_0445_opt_klein-1024x683.jpg 1024w, http:\/\/freshandeasy.net\/wp-content\/uploads\/2018\/03\/IMG_0445_opt_klein-1200x800.jpg 1200w, http:\/\/freshandeasy.net\/wp-content\/uploads\/2018\/03\/IMG_0445_opt_klein.jpg 1920w\" sizes=\"(max-width: 601px) 85vw, 601px\" \/> <img loading=\"lazy\" class=\"aligncenter wp-image-261\" src=\"http:\/\/freshandeasy.net\/wp-content\/uploads\/2018\/03\/IMG_0452_opt_klein-1-300x200.jpg\" alt=\"\" width=\"600\" height=\"400\" srcset=\"http:\/\/freshandeasy.net\/wp-content\/uploads\/2018\/03\/IMG_0452_opt_klein-1-300x200.jpg 300w, http:\/\/freshandeasy.net\/wp-content\/uploads\/2018\/03\/IMG_0452_opt_klein-1-768x512.jpg 768w, http:\/\/freshandeasy.net\/wp-content\/uploads\/2018\/03\/IMG_0452_opt_klein-1-1024x683.jpg 1024w, http:\/\/freshandeasy.net\/wp-content\/uploads\/2018\/03\/IMG_0452_opt_klein-1-1200x800.jpg 1200w, http:\/\/freshandeasy.net\/wp-content\/uploads\/2018\/03\/IMG_0452_opt_klein-1.jpg 1920w\" sizes=\"(max-width: 600px) 85vw, 600px\" \/><img loading=\"lazy\" class=\"aligncenter wp-image-260\" src=\"http:\/\/freshandeasy.net\/wp-content\/uploads\/2018\/03\/IMG_0460_opt_klein-300x200.jpg\" alt=\"\" width=\"600\" height=\"400\" srcset=\"http:\/\/freshandeasy.net\/wp-content\/uploads\/2018\/03\/IMG_0460_opt_klein-300x200.jpg 300w, http:\/\/freshandeasy.net\/wp-content\/uploads\/2018\/03\/IMG_0460_opt_klein-768x512.jpg 768w, http:\/\/freshandeasy.net\/wp-content\/uploads\/2018\/03\/IMG_0460_opt_klein-1024x683.jpg 1024w, http:\/\/freshandeasy.net\/wp-content\/uploads\/2018\/03\/IMG_0460_opt_klein-1200x800.jpg 1200w, http:\/\/freshandeasy.net\/wp-content\/uploads\/2018\/03\/IMG_0460_opt_klein.jpg 1920w\" sizes=\"(max-width: 600px) 85vw, 600px\" \/> <img loading=\"lazy\" class=\"aligncenter wp-image-279\" src=\"http:\/\/freshandeasy.net\/wp-content\/uploads\/2018\/03\/IMG_0464_opt_klein-1-300x200.jpg\" alt=\"\" width=\"600\" height=\"400\" srcset=\"http:\/\/freshandeasy.net\/wp-content\/uploads\/2018\/03\/IMG_0464_opt_klein-1-300x200.jpg 300w, http:\/\/freshandeasy.net\/wp-content\/uploads\/2018\/03\/IMG_0464_opt_klein-1-768x512.jpg 768w, http:\/\/freshandeasy.net\/wp-content\/uploads\/2018\/03\/IMG_0464_opt_klein-1-1024x683.jpg 1024w, http:\/\/freshandeasy.net\/wp-content\/uploads\/2018\/03\/IMG_0464_opt_klein-1-1200x800.jpg 1200w, http:\/\/freshandeasy.net\/wp-content\/uploads\/2018\/03\/IMG_0464_opt_klein-1.jpg 1920w\" sizes=\"(max-width: 600px) 85vw, 600px\" \/><br \/>\nInnen &#8211; Benno<\/p>\n<p><img loading=\"lazy\" class=\"aligncenter wp-image-257\" src=\"http:\/\/freshandeasy.net\/wp-content\/uploads\/2018\/03\/IMG_0357_opt_klein-1-300x200.jpg\" alt=\"\" width=\"601\" height=\"400\" srcset=\"http:\/\/freshandeasy.net\/wp-content\/uploads\/2018\/03\/IMG_0357_opt_klein-1-300x200.jpg 300w, http:\/\/freshandeasy.net\/wp-content\/uploads\/2018\/03\/IMG_0357_opt_klein-1-768x512.jpg 768w, http:\/\/freshandeasy.net\/wp-content\/uploads\/2018\/03\/IMG_0357_opt_klein-1-1024x683.jpg 1024w, http:\/\/freshandeasy.net\/wp-content\/uploads\/2018\/03\/IMG_0357_opt_klein-1-1200x800.jpg 1200w, http:\/\/freshandeasy.net\/wp-content\/uploads\/2018\/03\/IMG_0357_opt_klein-1.jpg 1920w\" sizes=\"(max-width: 601px) 85vw, 601px\" \/> <img loading=\"lazy\" class=\"aligncenter wp-image-256\" src=\"http:\/\/freshandeasy.net\/wp-content\/uploads\/2018\/03\/IMG_0361_opt_klein-300x200.jpg\" alt=\"\" width=\"601\" height=\"400\" srcset=\"http:\/\/freshandeasy.net\/wp-content\/uploads\/2018\/03\/IMG_0361_opt_klein-300x200.jpg 300w, http:\/\/freshandeasy.net\/wp-content\/uploads\/2018\/03\/IMG_0361_opt_klein-768x512.jpg 768w, http:\/\/freshandeasy.net\/wp-content\/uploads\/2018\/03\/IMG_0361_opt_klein-1024x683.jpg 1024w, http:\/\/freshandeasy.net\/wp-content\/uploads\/2018\/03\/IMG_0361_opt_klein-1200x800.jpg 1200w, http:\/\/freshandeasy.net\/wp-content\/uploads\/2018\/03\/IMG_0361_opt_klein.jpg 1920w\" sizes=\"(max-width: 601px) 85vw, 601px\" \/> <img loading=\"lazy\" class=\"aligncenter wp-image-235\" src=\"http:\/\/freshandeasy.net\/wp-content\/uploads\/2018\/03\/IMG_0403_opt_klein-1-300x200.jpg\" alt=\"\" width=\"601\" height=\"400\" srcset=\"http:\/\/freshandeasy.net\/wp-content\/uploads\/2018\/03\/IMG_0403_opt_klein-1-300x200.jpg 300w, http:\/\/freshandeasy.net\/wp-content\/uploads\/2018\/03\/IMG_0403_opt_klein-1-768x512.jpg 768w, http:\/\/freshandeasy.net\/wp-content\/uploads\/2018\/03\/IMG_0403_opt_klein-1-1024x683.jpg 1024w, http:\/\/freshandeasy.net\/wp-content\/uploads\/2018\/03\/IMG_0403_opt_klein-1-1200x800.jpg 1200w, http:\/\/freshandeasy.net\/wp-content\/uploads\/2018\/03\/IMG_0403_opt_klein-1.jpg 1920w\" sizes=\"(max-width: 601px) 85vw, 601px\" \/> <img loading=\"lazy\" class=\"aligncenter wp-image-226\" src=\"http:\/\/freshandeasy.net\/wp-content\/uploads\/2017\/10\/IMG_0196_opt_klein-300x200.jpg\" alt=\"\" width=\"601\" height=\"400\" srcset=\"http:\/\/freshandeasy.net\/wp-content\/uploads\/2017\/10\/IMG_0196_opt_klein-300x200.jpg 300w, http:\/\/freshandeasy.net\/wp-content\/uploads\/2017\/10\/IMG_0196_opt_klein-768x512.jpg 768w, http:\/\/freshandeasy.net\/wp-content\/uploads\/2017\/10\/IMG_0196_opt_klein-1024x683.jpg 1024w, http:\/\/freshandeasy.net\/wp-content\/uploads\/2017\/10\/IMG_0196_opt_klein-1200x800.jpg 1200w, http:\/\/freshandeasy.net\/wp-content\/uploads\/2017\/10\/IMG_0196_opt_klein.jpg 1920w\" sizes=\"(max-width: 601px) 85vw, 601px\" \/><\/p>\n<p><img loading=\"lazy\" class=\"aligncenter wp-image-233\" src=\"http:\/\/freshandeasy.net\/wp-content\/uploads\/2018\/03\/IMG_0405_opt_klein-300x200.jpg\" alt=\"\" width=\"600\" height=\"400\" srcset=\"http:\/\/freshandeasy.net\/wp-content\/uploads\/2018\/03\/IMG_0405_opt_klein-300x200.jpg 300w, http:\/\/freshandeasy.net\/wp-content\/uploads\/2018\/03\/IMG_0405_opt_klein-768x512.jpg 768w, http:\/\/freshandeasy.net\/wp-content\/uploads\/2018\/03\/IMG_0405_opt_klein-1024x683.jpg 1024w, http:\/\/freshandeasy.net\/wp-content\/uploads\/2018\/03\/IMG_0405_opt_klein-1200x800.jpg 1200w, http:\/\/freshandeasy.net\/wp-content\/uploads\/2018\/03\/IMG_0405_opt_klein.jpg 1920w\" sizes=\"(max-width: 600px) 85vw, 600px\" \/><br \/>\nBad &#8211; Erdgescho\u00df<\/p>\n<p><img loading=\"lazy\" class=\"aligncenter size-medium wp-image-15\" src=\"http:\/\/freshandeasy.net\/wp-content\/uploads\/2017\/09\/Ahorneck_2042-300x200.jpg\" alt=\"\" width=\"600\" height=\"400\" srcset=\"http:\/\/freshandeasy.net\/wp-content\/uploads\/2017\/09\/Ahorneck_2042-300x200.jpg 300w, http:\/\/freshandeasy.net\/wp-content\/uploads\/2017\/09\/Ahorneck_2042-768x513.jpg 768w, http:\/\/freshandeasy.net\/wp-content\/uploads\/2017\/09\/Ahorneck_2042.jpg 1000w\" sizes=\"(max-width: 600px) 85vw, 600px\" \/><br \/>\n<img loading=\"lazy\" class=\"aligncenter size-medium wp-image-16\" src=\"http:\/\/freshandeasy.net\/wp-content\/uploads\/2017\/09\/Ahorneck_2048-300x200.jpg\" alt=\"\" width=\"600\" height=\"400\" srcset=\"http:\/\/freshandeasy.net\/wp-content\/uploads\/2017\/09\/Ahorneck_2048-300x200.jpg 300w, http:\/\/freshandeasy.net\/wp-content\/uploads\/2017\/09\/Ahorneck_2048-768x513.jpg 768w, http:\/\/freshandeasy.net\/wp-content\/uploads\/2017\/09\/Ahorneck_2048.jpg 1000w\" sizes=\"(max-width: 600px) 85vw, 600px\" \/><\/p>\n<p>Innen &#8211; Obergescho\u00df<\/p>\n<p><img loading=\"lazy\" class=\"aligncenter size-medium wp-image-18\" src=\"http:\/\/freshandeasy.net\/wp-content\/uploads\/2017\/09\/Ahorneck_2055-300x200.jpg\" alt=\"\" width=\"600\" height=\"400\" srcset=\"http:\/\/freshandeasy.net\/wp-content\/uploads\/2017\/09\/Ahorneck_2055-300x200.jpg 300w, http:\/\/freshandeasy.net\/wp-content\/uploads\/2017\/09\/Ahorneck_2055-768x513.jpg 768w, http:\/\/freshandeasy.net\/wp-content\/uploads\/2017\/09\/Ahorneck_2055.jpg 1000w\" sizes=\"(max-width: 600px) 85vw, 600px\" \/><br \/>\n<img loading=\"lazy\" class=\"aligncenter size-medium wp-image-19\" src=\"http:\/\/freshandeasy.net\/wp-content\/uploads\/2017\/09\/Ahorneck_2065-300x200.jpg\" alt=\"\" width=\"600\" height=\"400\" srcset=\"http:\/\/freshandeasy.net\/wp-content\/uploads\/2017\/09\/Ahorneck_2065-300x200.jpg 300w, http:\/\/freshandeasy.net\/wp-content\/uploads\/2017\/09\/Ahorneck_2065-768x513.jpg 768w, http:\/\/freshandeasy.net\/wp-content\/uploads\/2017\/09\/Ahorneck_2065.jpg 1000w\" sizes=\"(max-width: 600px) 85vw, 600px\" \/><br \/>\n<img loading=\"lazy\" class=\"aligncenter size-medium wp-image-21\" src=\"http:\/\/freshandeasy.net\/wp-content\/uploads\/2017\/09\/Ahorneck_2076-300x200.jpg\" alt=\"\" width=\"600\" height=\"400\" srcset=\"http:\/\/freshandeasy.net\/wp-content\/uploads\/2017\/09\/Ahorneck_2076-300x200.jpg 300w, http:\/\/freshandeasy.net\/wp-content\/uploads\/2017\/09\/Ahorneck_2076-768x513.jpg 768w, http:\/\/freshandeasy.net\/wp-content\/uploads\/2017\/09\/Ahorneck_2076.jpg 1000w\" sizes=\"(max-width: 600px) 85vw, 600px\" \/><br \/>\n<img loading=\"lazy\" class=\"aligncenter size-medium wp-image-23\" src=\"http:\/\/freshandeasy.net\/wp-content\/uploads\/2017\/09\/Ahorneck_2084-300x200.jpg\" alt=\"\" width=\"600\" height=\"400\" srcset=\"http:\/\/freshandeasy.net\/wp-content\/uploads\/2017\/09\/Ahorneck_2084-300x200.jpg 300w, http:\/\/freshandeasy.net\/wp-content\/uploads\/2017\/09\/Ahorneck_2084-768x513.jpg 768w, http:\/\/freshandeasy.net\/wp-content\/uploads\/2017\/09\/Ahorneck_2084.jpg 1000w\" sizes=\"(max-width: 600px) 85vw, 600px\" \/><\/p>\n<p>Abstellraum mit Waschmaschine und Trockner<\/p>\n<p><img loading=\"lazy\" class=\"aligncenter wp-image-28\" src=\"http:\/\/freshandeasy.net\/wp-content\/uploads\/2017\/09\/Ahorneck-3-3-200x300.jpg\" alt=\"\" width=\"400\" height=\"600\" srcset=\"http:\/\/freshandeasy.net\/wp-content\/uploads\/2017\/09\/Ahorneck-3-3-200x300.jpg 200w, http:\/\/freshandeasy.net\/wp-content\/uploads\/2017\/09\/Ahorneck-3-3.jpg 668w\" sizes=\"(max-width: 400px) 85vw, 400px\" \/><\/p>\n","protected":false},"excerpt":{"rendered":"<p>Au\u00dfen &#8211; Thea Au\u00dfen &#8211; Benno Innen &#8211; Thea Innen &#8211; Benno Bad &#8211; Erdgescho\u00df Innen &#8211; Obergescho\u00df Abstellraum mit Waschmaschine und Trockner<\/p>\n","protected":false},"author":1,"featured_media":0,"parent":0,"menu_order":0,"comment_status":"closed","ping_status":"closed","template":"","meta":[],"_links":{"self":[{"href":"http:\/\/freshandeasy.net\/index.php?rest_route=\/wp\/v2\/pages\/149"}],"collection":[{"href":"http:\/\/freshandeasy.net\/index.php?rest_route=\/wp\/v2\/pages"}],"about":[{"href":"http:\/\/freshandeasy.net\/index.php?rest_route=\/wp\/v2\/types\/page"}],"author":[{"embeddable":true,"href":"http:\/\/freshandeasy.net\/index.php?rest_route=\/wp\/v2\/users\/1"}],"replies":[{"embeddable":true,"href":"http:\/\/freshandeasy.net\/index.php?rest_route=%2Fwp%2Fv2%2Fcomments&post=149"}],"version-history":[{"count":6,"href":"http:\/\/freshandeasy.net\/index.php?rest_route=\/wp\/v2\/pages\/149\/revisions"}],"predecessor-version":[{"id":282,"href":"http:\/\/freshandeasy.net\/index.php?rest_route=\/wp\/v2\/pages\/149\/revisions\/282"}],"wp:attachment":[{"href":"http:\/\/freshandeasy.net\/index.php?rest_route=%2Fwp%2Fv2%2Fmedia&parent=149"}],"curies":[{"name":"wp","href":"https:\/\/api.w.org\/{rel}","templated":true}]}}