{"id":48,"date":"2017-09-13T19:12:37","date_gmt":"2017-09-13T19:12:37","guid":{"rendered":"http:\/\/freshandeasy.net\/?page_id=48"},"modified":"2018-03-20T21:41:46","modified_gmt":"2018-03-20T21:41:46","slug":"urlaub-am-fleesensee-in-utergoehren","status":"publish","type":"page","link":"http:\/\/freshandeasy.net\/","title":{"rendered":"Urlaub am Fleesensee"},"content":{"rendered":"<p>Herzlich Willkommen im Herzen der Mecklenburgischen Seenplatte, dem gr\u00f6\u00dften zusammenh\u00e4ngenden Seengebiet Mitteleuropas. Das Wassersportler-, Golfer-, Wanderer-, Radfahrer- oder Einfach-nur-Relaxer-Paradies. Das ger\u00e4umige Feriendoppelhaus ist nur 350 m vom Fleesensee entfernt.<\/p>\n<p><img loading=\"lazy\" class=\"aligncenter  wp-image-245\" src=\"http:\/\/freshandeasy.net\/wp-content\/uploads\/2018\/03\/IMG_0380_opt_klein-300x200.jpg\" alt=\"\" width=\"500\" height=\"333\" srcset=\"http:\/\/freshandeasy.net\/wp-content\/uploads\/2018\/03\/IMG_0380_opt_klein-300x200.jpg 300w, http:\/\/freshandeasy.net\/wp-content\/uploads\/2018\/03\/IMG_0380_opt_klein-768x512.jpg 768w, http:\/\/freshandeasy.net\/wp-content\/uploads\/2018\/03\/IMG_0380_opt_klein-1024x683.jpg 1024w, http:\/\/freshandeasy.net\/wp-content\/uploads\/2018\/03\/IMG_0380_opt_klein-1200x800.jpg 1200w, http:\/\/freshandeasy.net\/wp-content\/uploads\/2018\/03\/IMG_0380_opt_klein.jpg 1920w\" sizes=\"(max-width: 500px) 85vw, 500px\" \/> <img loading=\"lazy\" class=\"aligncenter  wp-image-242\" src=\"http:\/\/freshandeasy.net\/wp-content\/uploads\/2018\/03\/IMG_0389_opt_klein-300x200.jpg\" alt=\"\" width=\"500\" height=\"333\" srcset=\"http:\/\/freshandeasy.net\/wp-content\/uploads\/2018\/03\/IMG_0389_opt_klein-300x200.jpg 300w, http:\/\/freshandeasy.net\/wp-content\/uploads\/2018\/03\/IMG_0389_opt_klein-768x512.jpg 768w, http:\/\/freshandeasy.net\/wp-content\/uploads\/2018\/03\/IMG_0389_opt_klein-1024x683.jpg 1024w, http:\/\/freshandeasy.net\/wp-content\/uploads\/2018\/03\/IMG_0389_opt_klein-1200x800.jpg 1200w, http:\/\/freshandeasy.net\/wp-content\/uploads\/2018\/03\/IMG_0389_opt_klein.jpg 1920w\" sizes=\"(max-width: 500px) 85vw, 500px\" \/> <img loading=\"lazy\" class=\"aligncenter  wp-image-270\" src=\"http:\/\/freshandeasy.net\/wp-content\/uploads\/2018\/03\/IMG_0434_opt_klein-300x200.jpg\" alt=\"\" width=\"500\" height=\"333\" srcset=\"http:\/\/freshandeasy.net\/wp-content\/uploads\/2018\/03\/IMG_0434_opt_klein-300x200.jpg 300w, http:\/\/freshandeasy.net\/wp-content\/uploads\/2018\/03\/IMG_0434_opt_klein-768x512.jpg 768w, http:\/\/freshandeasy.net\/wp-content\/uploads\/2018\/03\/IMG_0434_opt_klein-1024x683.jpg 1024w, http:\/\/freshandeasy.net\/wp-content\/uploads\/2018\/03\/IMG_0434_opt_klein-1200x800.jpg 1200w, http:\/\/freshandeasy.net\/wp-content\/uploads\/2018\/03\/IMG_0434_opt_klein.jpg 1920w\" sizes=\"(max-width: 500px) 85vw, 500px\" \/><\/p>\n<p>&nbsp;<\/p>\n<p>Die identischen Haush\u00e4lften verf\u00fcgen \u00fcber 80 qm Wohnfl\u00e4che und Extras wie Kaminofen, Kinderspielplatz, Whirlwanne, gro\u00dfe \u00fcberdachte Terrasse, kostenlosen WLAN-Anschluss, TV\/DVD\/CD und zwei separate Abstellr\u00e4ume.<\/p>\n<p><img loading=\"lazy\" class=\"aligncenter  wp-image-278\" src=\"http:\/\/freshandeasy.net\/wp-content\/uploads\/2018\/03\/IMG_0415_opt_klein-1-300x200.jpg\" alt=\"\" width=\"500\" height=\"333\" srcset=\"http:\/\/freshandeasy.net\/wp-content\/uploads\/2018\/03\/IMG_0415_opt_klein-1-300x200.jpg 300w, http:\/\/freshandeasy.net\/wp-content\/uploads\/2018\/03\/IMG_0415_opt_klein-1-768x512.jpg 768w, http:\/\/freshandeasy.net\/wp-content\/uploads\/2018\/03\/IMG_0415_opt_klein-1-1024x683.jpg 1024w, http:\/\/freshandeasy.net\/wp-content\/uploads\/2018\/03\/IMG_0415_opt_klein-1-1200x800.jpg 1200w, http:\/\/freshandeasy.net\/wp-content\/uploads\/2018\/03\/IMG_0415_opt_klein-1.jpg 1920w\" sizes=\"(max-width: 500px) 85vw, 500px\" \/> <img loading=\"lazy\" class=\"aligncenter  wp-image-257\" src=\"http:\/\/freshandeasy.net\/wp-content\/uploads\/2018\/03\/IMG_0357_opt_klein-1-300x200.jpg\" alt=\"\" width=\"500\" height=\"333\" srcset=\"http:\/\/freshandeasy.net\/wp-content\/uploads\/2018\/03\/IMG_0357_opt_klein-1-300x200.jpg 300w, http:\/\/freshandeasy.net\/wp-content\/uploads\/2018\/03\/IMG_0357_opt_klein-1-768x512.jpg 768w, http:\/\/freshandeasy.net\/wp-content\/uploads\/2018\/03\/IMG_0357_opt_klein-1-1024x683.jpg 1024w, http:\/\/freshandeasy.net\/wp-content\/uploads\/2018\/03\/IMG_0357_opt_klein-1-1200x800.jpg 1200w, http:\/\/freshandeasy.net\/wp-content\/uploads\/2018\/03\/IMG_0357_opt_klein-1.jpg 1920w\" sizes=\"(max-width: 500px) 85vw, 500px\" \/><\/p>\n<p>In jeder Haush\u00e4lfte befinden sich zwei Schlafzimmer (eins mit Doppelbett und eins mit zwei Einzelbetten) und zwei Badezimmer (eins mit Dusche\/Whirlwanne und eins mit Dusche).<\/p>\n<p>Viel Platz zum Grillen und Chillen<\/p>\n<p>&nbsp;<\/p>\n<p><img loading=\"lazy\" class=\"alignnone wp-image-15 aligncenter\" src=\"http:\/\/freshandeasy.net\/wp-content\/uploads\/2017\/09\/Ahorneck_2042-300x200.jpg\" alt=\"\" width=\"500\" height=\"333\" srcset=\"http:\/\/freshandeasy.net\/wp-content\/uploads\/2017\/09\/Ahorneck_2042-300x200.jpg 300w, http:\/\/freshandeasy.net\/wp-content\/uploads\/2017\/09\/Ahorneck_2042-768x513.jpg 768w, http:\/\/freshandeasy.net\/wp-content\/uploads\/2017\/09\/Ahorneck_2042.jpg 1000w\" sizes=\"(max-width: 500px) 85vw, 500px\" \/><br \/>\n<img loading=\"lazy\" class=\"alignnone wp-image-21 aligncenter\" src=\"http:\/\/freshandeasy.net\/wp-content\/uploads\/2017\/09\/Ahorneck_2076-300x200.jpg\" alt=\"\" width=\"500\" height=\"333\" srcset=\"http:\/\/freshandeasy.net\/wp-content\/uploads\/2017\/09\/Ahorneck_2076-300x200.jpg 300w, http:\/\/freshandeasy.net\/wp-content\/uploads\/2017\/09\/Ahorneck_2076-768x513.jpg 768w, http:\/\/freshandeasy.net\/wp-content\/uploads\/2017\/09\/Ahorneck_2076.jpg 1000w\" sizes=\"(max-width: 500px) 85vw, 500px\" \/><\/p>\n<p><img loading=\"lazy\" class=\"alignnone wp-image-17 aligncenter\" src=\"http:\/\/freshandeasy.net\/wp-content\/uploads\/2017\/09\/Ahorneck_2054-300x200.jpg\" alt=\"\" width=\"500\" height=\"333\" srcset=\"http:\/\/freshandeasy.net\/wp-content\/uploads\/2017\/09\/Ahorneck_2054-300x200.jpg 300w, http:\/\/freshandeasy.net\/wp-content\/uploads\/2017\/09\/Ahorneck_2054-768x513.jpg 768w, http:\/\/freshandeasy.net\/wp-content\/uploads\/2017\/09\/Ahorneck_2054.jpg 1000w\" sizes=\"(max-width: 500px) 85vw, 500px\" \/>\u00a0 \u00a0 \u00a0 \u00a0<img loading=\"lazy\" class=\"alignnone wp-image-19 aligncenter\" src=\"http:\/\/freshandeasy.net\/wp-content\/uploads\/2017\/09\/Ahorneck_2065-300x200.jpg\" alt=\"\" width=\"500\" height=\"333\" srcset=\"http:\/\/freshandeasy.net\/wp-content\/uploads\/2017\/09\/Ahorneck_2065-300x200.jpg 300w, http:\/\/freshandeasy.net\/wp-content\/uploads\/2017\/09\/Ahorneck_2065-768x513.jpg 768w, http:\/\/freshandeasy.net\/wp-content\/uploads\/2017\/09\/Ahorneck_2065.jpg 1000w\" sizes=\"(max-width: 500px) 85vw, 500px\" \/><\/p>\n","protected":false},"excerpt":{"rendered":"<p>Herzlich Willkommen im Herzen der Mecklenburgischen Seenplatte, dem gr\u00f6\u00dften zusammenh\u00e4ngenden Seengebiet Mitteleuropas. Das Wassersportler-, Golfer-, Wanderer-, Radfahrer- oder Einfach-nur-Relaxer-Paradies. Das ger\u00e4umige Feriendoppelhaus ist nur 350 m vom Fleesensee entfernt. &nbsp; Die identischen Haush\u00e4lften verf\u00fcgen \u00fcber 80 qm Wohnfl\u00e4che und Extras wie Kaminofen, Kinderspielplatz, Whirlwanne, gro\u00dfe \u00fcberdachte Terrasse, kostenlosen WLAN-Anschluss, TV\/DVD\/CD und zwei separate Abstellr\u00e4ume. In &hellip; <a href=\"http:\/\/freshandeasy.net\/\" class=\"more-link\"><span class=\"screen-reader-text\">&#8222;Urlaub am Fleesensee&#8220; <\/span>weiterlesen<\/a><\/p>\n","protected":false},"author":1,"featured_media":0,"parent":0,"menu_order":0,"comment_status":"closed","ping_status":"closed","template":"","meta":[],"_links":{"self":[{"href":"http:\/\/freshandeasy.net\/index.php?rest_route=\/wp\/v2\/pages\/48"}],"collection":[{"href":"http:\/\/freshandeasy.net\/index.php?rest_route=\/wp\/v2\/pages"}],"about":[{"href":"http:\/\/freshandeasy.net\/index.php?rest_route=\/wp\/v2\/types\/page"}],"author":[{"embeddable":true,"href":"http:\/\/freshandeasy.net\/index.php?rest_route=\/wp\/v2\/users\/1"}],"replies":[{"embeddable":true,"href":"http:\/\/freshandeasy.net\/index.php?rest_route=%2Fwp%2Fv2%2Fcomments&post=48"}],"version-history":[{"count":8,"href":"http:\/\/freshandeasy.net\/index.php?rest_route=\/wp\/v2\/pages\/48\/revisions"}],"predecessor-version":[{"id":283,"href":"http:\/\/freshandeasy.net\/index.php?rest_route=\/wp\/v2\/pages\/48\/revisions\/283"}],"wp:attachment":[{"href":"http:\/\/freshandeasy.net\/index.php?rest_route=%2Fwp%2Fv2%2Fmedia&parent=48"}],"curies":[{"name":"wp","href":"https:\/\/api.w.org\/{rel}","templated":true}]}}